{"id":550,"date":"2021-04-23T11:07:50","date_gmt":"2021-04-23T11:07:50","guid":{"rendered":"https:\/\/printwebdesign.de\/?page_id=550"},"modified":"2021-05-14T12:58:40","modified_gmt":"2021-05-14T12:58:40","slug":"strassen-abc","status":"publish","type":"page","link":"https:\/\/printwebdesign.de\/?page_id=550","title":{"rendered":"Stra\u00dfen-abc"},"content":{"rendered":"\t\t<div data-elementor-type=\"wp-page\" data-elementor-id=\"550\" class=\"elementor elementor-550\">\n\t\t\t\t\t\t\t\t\t<section class=\"elementor-section elementor-top-section elementor-element elementor-element-a225da5 elementor-section-boxed elementor-section-height-default elementor-section-height-default\" data-id=\"a225da5\" data-element_type=\"section\" data-settings=\"{&quot;background_background&quot;:&quot;classic&quot;}\">\n\t\t\t\t\t\t<div class=\"elementor-container elementor-column-gap-default\">\n\t\t\t\t\t<div class=\"elementor-column elementor-col-100 elementor-top-column elementor-element elementor-element-5ea10e8\" data-id=\"5ea10e8\" data-element_type=\"column\">\n\t\t\t<div class=\"elementor-widget-wrap elementor-element-populated\">\n\t\t\t\t\t\t\t\t<div class=\"elementor-element elementor-element-588ceed elementor-widget elementor-widget-spacer\" data-id=\"588ceed\" data-element_type=\"widget\" data-widget_type=\"spacer.default\">\n\t\t\t\t<div class=\"elementor-widget-container\">\n\t\t\t\t\t<div class=\"elementor-spacer\">\n\t\t\t<div class=\"elementor-spacer-inner\"><\/div>\n\t\t<\/div>\n\t\t\t\t<\/div>\n\t\t\t\t<\/div>\n\t\t\t\t<div class=\"elementor-element elementor-element-a20ef4c elementor-widget elementor-widget-image\" data-id=\"a20ef4c\" data-element_type=\"widget\" data-widget_type=\"image.default\">\n\t\t\t\t<div class=\"elementor-widget-container\">\n\t\t\t\t\t\t\t\t\t\t\t\t\t\t\t<img width=\"300\" height=\"41\" src=\"https:\/\/printwebdesign.de\/wp-content\/uploads\/2021\/05\/aeriedesign_strassen-abc_logo-300x41.png\" class=\"attachment-medium size-medium wp-image-654\" alt=\"\" loading=\"lazy\" srcset=\"https:\/\/printwebdesign.de\/wp-content\/uploads\/2021\/05\/aeriedesign_strassen-abc_logo-300x41.png 300w, https:\/\/printwebdesign.de\/wp-content\/uploads\/2021\/05\/aeriedesign_strassen-abc_logo-1024x139.png 1024w, https:\/\/printwebdesign.de\/wp-content\/uploads\/2021\/05\/aeriedesign_strassen-abc_logo-768x105.png 768w, https:\/\/printwebdesign.de\/wp-content\/uploads\/2021\/05\/aeriedesign_strassen-abc_logo-1536x209.png 1536w, https:\/\/printwebdesign.de\/wp-content\/uploads\/2021\/05\/aeriedesign_strassen-abc_logo-2048x279.png 2048w\" sizes=\"(max-width: 300px) 100vw, 300px\" \/>\t\t\t\t\t\t\t\t\t\t\t\t\t\t\t<\/div>\n\t\t\t\t<\/div>\n\t\t\t\t<div class=\"elementor-element elementor-element-af998f7 elementor-widget elementor-widget-text-editor\" data-id=\"af998f7\" data-element_type=\"widget\" data-widget_type=\"text-editor.default\">\n\t\t\t\t<div class=\"elementor-widget-container\">\n\t\t\t\t\t\t\t<p><span class=\"JtukPc\">Auf allen Stra\u00dfen gibt es vielf\u00e4ltige Arten von schriftlichen Bezeichnungen, allen voran die Stra\u00dfennamenbeschilderung nat\u00fcrlich. Dar\u00fcber hinaus gibt es aber noch viel mehr: Namensschilder, Bezeichnungen von \u00f6ffentlichen Markierungen, Werbeschilder, manchmal auch \u201eunfreiwillige\u201c Buchstaben, die von \u00c4sten oder anderen Gegenst\u00e4nden gebildet werden, und vieles mehr. Auch auf weggeworfenen Verpackungen findet sich oftmals ein Schriftzug. Je kreativer der Ansatz, desto spannender das Ergebnis!<br \/><\/span><\/p>\t\t\t\t\t\t<\/div>\n\t\t\t\t<\/div>\n\t\t\t\t<section class=\"elementor-section elementor-inner-section elementor-element elementor-element-a1c7e93 elementor-section-boxed elementor-section-height-default elementor-section-height-default\" data-id=\"a1c7e93\" data-element_type=\"section\">\n\t\t\t\t\t\t<div class=\"elementor-container elementor-column-gap-default\">\n\t\t\t\t\t<div class=\"elementor-column elementor-col-100 elementor-inner-column elementor-element elementor-element-6f60cf0\" data-id=\"6f60cf0\" data-element_type=\"column\">\n\t\t\t<div class=\"elementor-widget-wrap elementor-element-populated\">\n\t\t\t\t\t\t\t\t<div class=\"elementor-element elementor-element-6b14cdc elementor-widget-divider--view-line_text elementor-widget-divider--element-align-center elementor-widget elementor-widget-divider\" data-id=\"6b14cdc\" data-element_type=\"widget\" data-widget_type=\"divider.default\">\n\t\t\t\t<div class=\"elementor-widget-container\">\n\t\t\t\t\t<div class=\"elementor-divider\">\n\t\t\t<span class=\"elementor-divider-separator\">\n\t\t\t\t\t\t\t<span class=\"elementor-divider__text elementor-divider__element\">\n\t\t\t\t1\t\t\t\t<\/span>\n\t\t\t\t\t\t<\/span>\n\t\t<\/div>\n\t\t\t\t<\/div>\n\t\t\t\t<\/div>\n\t\t\t\t<div class=\"elementor-element elementor-element-72e4e14 elementor-widget elementor-widget-text-editor\" data-id=\"72e4e14\" data-element_type=\"widget\" data-widget_type=\"text-editor.default\">\n\t\t\t\t<div class=\"elementor-widget-container\">\n\t\t\t\t\t\t\t<p><b>Du brauchst:<span class=\"Apple-converted-space\">\u00a0<\/span><\/b><\/p><p>\u2022 Fotoapparat\/Handykamera + etwas Zeit<span class=\"Apple-converted-space\">\u00a0<\/span>(nutze das Tageslicht)<\/p><p>\u2022 Stift und Block \/Zettel, auf dem du schon einmal alle Buchstaben des Alphabets notiert hast<\/p><p>\u2022 Einen Computer oder ein Pad, auf dem ein Layoutprogramm vorhanden ist, um die Buchstaben deiner Suche f\u00fcr eine Pr\u00e4sentation ordentlich und gleichrangig neben- bzw. untereinander anzuordnen. Vielleicht hast du eine Freundin oder einen Freund, bei dem du das machen kannst, wenn du kein eigenes Ger\u00e4t zur Verf\u00fcgung hast. Frage auch in deiner Familie nach.<\/p><p>\u2022 Nur dich alleine \/ eine Freundin, einen Freund<span class=\"Apple-converted-space\"> \/ eine Gruppe<\/span><\/p><p>\u2013&gt; Bei mehreren Personen empfehle ich, entweder einzeln unterschiedliche Strecken zu gehen, oder <span id=\"tabEventDetails\" class=\"HALYaf XQINac R21Rlc KKjvXb\" role=\"tabpanel\">in der Gruppe gemeinsam losziehen und alle Fundst\u00fccke zusammen f\u00fcgen. <\/span><span id=\"tabEventDetails\" class=\"HALYaf XQINac R21Rlc KKjvXb\" role=\"tabpanel\">Jede Person kann aber auch ihr eigenes Alphabet zusammen suchen. <br \/><\/span><\/p>\t\t\t\t\t\t<\/div>\n\t\t\t\t<\/div>\n\t\t\t\t<div class=\"elementor-element elementor-element-2f86193 elementor-widget-divider--view-line_text elementor-widget-divider--element-align-center elementor-widget elementor-widget-divider\" data-id=\"2f86193\" data-element_type=\"widget\" data-widget_type=\"divider.default\">\n\t\t\t\t<div class=\"elementor-widget-container\">\n\t\t\t\t\t<div class=\"elementor-divider\">\n\t\t\t<span class=\"elementor-divider-separator\">\n\t\t\t\t\t\t\t<span class=\"elementor-divider__text elementor-divider__element\">\n\t\t\t\t2\t\t\t\t<\/span>\n\t\t\t\t\t\t<\/span>\n\t\t<\/div>\n\t\t\t\t<\/div>\n\t\t\t\t<\/div>\n\t\t\t\t<div class=\"elementor-element elementor-element-988504d elementor-widget elementor-widget-text-editor\" data-id=\"988504d\" data-element_type=\"widget\" data-widget_type=\"text-editor.default\">\n\t\t\t\t<div class=\"elementor-widget-container\">\n\t\t\t\t\t\t\t<p><b>Auf dem Weg:<span class=\"Apple-converted-space\">\u00a0<\/span><\/b><\/p><p>\u2022 Gehe langsam, um deine Umgebung wirklich wahrnehmen zu k\u00f6nnen.<span class=\"Apple-converted-space\">\u00a0<\/span><\/p><p>\u2022 Bleibe auch stehen und schaue nach allen Seiten, nach oben und unten.<\/p><p><b>Du hast einen schriftlichen Hinweis, ein Schild oder andere Schriftzeichen gefunden?<span class=\"Apple-converted-space\">\u00a0<\/span><\/b><\/p><p>\u2022 Gehe n\u00e4her heran.<span class=\"Apple-converted-space\">\u00a0<\/span><\/p><p>\u2022 Mache ein Foto, auf dem der Schriftzug gut zu erkennen ist, am besten direkt geradeaus.<\/p><p>\u2022 Hake auf deiner Liste alle Buchstaben ab, f\u00fcr die es im gefundenen Wort einen Buchstaben gibt, notiere aber einen einzelnen Buchstaben, der dir f\u00fcr diesen Schrifttyp am sch\u00f6nsten erscheint.<strong> Hauptziel w\u00e4re, jeden einzelnen Buchstaben in einer eigenen Schrifttype zu finden.<\/strong><\/p><p>\u2022 Du kannst entweder nur Gro\u00df- oder &#8211; Kleinbuchstaben suchen, oder du mischst diese.<\/p><p>\u2022 Halte kurz den Atem an, wenn du ausl\u00f6st (auf den Knopf dr\u00fcckst, der beim Fotoapparat Ausl\u00f6ser genannt wird, um ein Foto zu machen), das erh\u00f6ht die\u00a0Wahrscheinlichkeit, dass du nicht verwackelst und keine Bewegungsunsch\u00e4rfe im Bild erzeugst.<\/p>\t\t\t\t\t\t<\/div>\n\t\t\t\t<\/div>\n\t\t\t\t<div class=\"elementor-element elementor-element-8859212 elementor-widget-divider--view-line_text elementor-widget-divider--element-align-center elementor-widget elementor-widget-divider\" data-id=\"8859212\" data-element_type=\"widget\" data-widget_type=\"divider.default\">\n\t\t\t\t<div class=\"elementor-widget-container\">\n\t\t\t\t\t<div class=\"elementor-divider\">\n\t\t\t<span class=\"elementor-divider-separator\">\n\t\t\t\t\t\t\t<span class=\"elementor-divider__text elementor-divider__element\">\n\t\t\t\t3\t\t\t\t<\/span>\n\t\t\t\t\t\t<\/span>\n\t\t<\/div>\n\t\t\t\t<\/div>\n\t\t\t\t<\/div>\n\t\t\t\t<div class=\"elementor-element elementor-element-83d78f1 elementor-widget elementor-widget-text-editor\" data-id=\"83d78f1\" data-element_type=\"widget\" data-widget_type=\"text-editor.default\">\n\t\t\t\t<div class=\"elementor-widget-container\">\n\t\t\t\t\t\t\t<p><b>N\u00fctzlich zu wissen:<\/b><\/p><p>Die meisten Fotoapparate und auch die Handykamera haben Autofokus (Scharfstell-Automatik). Dieser sollte der Einfachkeit halber genutzt werden, um unscharfe Fotos zu vermeiden.<\/p><p>\u2022 Schaue dir auf dem Weg deine schon gemachten Fotos nur kurz an, l\u00f6sche unscharfe Bilder sofort und mache die Aufnahme noch einmal.<\/p><p>\u2022 Schaue nicht st\u00e4ndig die Fotos durch, die du schon gemacht hast, sondern bleibe konzentriert auf deine Umgebung.<span class=\"Apple-converted-space\">\u00a0<\/span><\/p><p><b>Wichtiger Hinwei\u00df zu Grundst\u00fccksgrenzen:<span class=\"Apple-converted-space\">\u00a0<\/span><\/b><\/p><p>Manche Menschen sind \u00e4ngstlich und f\u00fchlen sich bel\u00e4stigt, wenn du etwas an ihren Haus oder Garten fotografieren willst. Betrete keine fremden Grundst\u00fccke ohne Erlaubnis. Vielleicht fragst du einfach nach, wenn du jemanden siehst, und erkl\u00e4rst ihm oder ihr kurz dein Projekt.<span class=\"Apple-converted-space\">\u00a0<\/span><\/p>\t\t\t\t\t\t<\/div>\n\t\t\t\t<\/div>\n\t\t\t\t<div class=\"elementor-element elementor-element-628013f elementor-widget-divider--view-line_text elementor-widget-divider--element-align-center elementor-widget elementor-widget-divider\" data-id=\"628013f\" data-element_type=\"widget\" data-widget_type=\"divider.default\">\n\t\t\t\t<div class=\"elementor-widget-container\">\n\t\t\t\t\t<div class=\"elementor-divider\">\n\t\t\t<span class=\"elementor-divider-separator\">\n\t\t\t\t\t\t\t<span class=\"elementor-divider__text elementor-divider__element\">\n\t\t\t\t4\t\t\t\t<\/span>\n\t\t\t\t\t\t<\/span>\n\t\t<\/div>\n\t\t\t\t<\/div>\n\t\t\t\t<\/div>\n\t\t\t\t<div class=\"elementor-element elementor-element-8f71a02 elementor-widget elementor-widget-text-editor\" data-id=\"8f71a02\" data-element_type=\"widget\" data-widget_type=\"text-editor.default\">\n\t\t\t\t<div class=\"elementor-widget-container\">\n\t\t\t\t\t\t\t<p><b>Auswertung:<\/b><\/p><p>Im Idealfall hast du jetzt jeden Buchstaben in unterschiedlicher Schrifttype\/Schrift- oder Hintergrundfarbe gefunden.<\/p><p>\u2022 Schaue zu Hause in Ruhe die Fotos durch und pr\u00fcfe, ob du f\u00fcr jeden Buchstaben ein m\u00f6glichst scharfes Foto hast.<\/p><p>\u2022 Fehlt dir ein Buchstabe, dann bearbeite erst die vorhandenen oder, wenn die Zeit da ist, gehe erneut los und suche gezielt den fehlenden Buchstaben f\u00fcr ein neues Foto. Wenn die Zeit nicht vorhanden ist, dann nehme den Buchstaben aus einem anderen Schriftzug.<\/p><p>\u2022 Zum Schluss f\u00fcgst du von A bis Z deine Buchstaben wie folgt auf ein Blatt:<br \/>&#8211; Alle Buchstaben sollen die gleiche H\u00f6he haben.<br \/>&#8211; Auf jedem Ausschnitt soll nur ein einzelner Buchstabe zu sehen sein.<br \/>&#8211; Rund um den Buchstaben herum soll der Hintergrund gleichm\u00e4\u00dfig nach allen Seiten ausgeschnitten sein.<br \/>&#8211; Je nachdem, wie gro\u00df das Pr\u00e4sentationsblatt ist, ordnest du die Buchstaben in m\u00f6glichst gleichm\u00e4\u00dfigen Reihen an<\/p><p>\u2022 Wenn du magst, dann maile mir dein Alphabet zu. Ich w\u00fcrde es gerne auf dieser Seite ver\u00f6ffentlichen. Schreib mir, welchen (Spitz-) Namen ich dazu schreiben darf.<\/p>\t\t\t\t\t\t<\/div>\n\t\t\t\t<\/div>\n\t\t\t\t\t<\/div>\n\t\t<\/div>\n\t\t\t\t\t\t\t<\/div>\n\t\t<\/section>\n\t\t\t\t\t<\/div>\n\t\t<\/div>\n\t\t\t\t\t\t\t<\/div>\n\t\t<\/section>\n\t\t\t\t<section class=\"elementor-section elementor-top-section elementor-element elementor-element-6273895 elementor-section-boxed elementor-section-height-default elementor-section-height-default\" data-id=\"6273895\" data-element_type=\"section\">\n\t\t\t\t\t\t<div class=\"elementor-container elementor-column-gap-default\">\n\t\t\t\t\t<div class=\"elementor-column elementor-col-100 elementor-top-column elementor-element elementor-element-835437e\" data-id=\"835437e\" data-element_type=\"column\">\n\t\t\t<div class=\"elementor-widget-wrap elementor-element-populated\">\n\t\t\t\t\t\t\t\t<div class=\"elementor-element elementor-element-51e38b4 elementor-widget elementor-widget-text-editor\" data-id=\"51e38b4\" data-element_type=\"widget\" data-widget_type=\"text-editor.default\">\n\t\t\t\t<div class=\"elementor-widget-container\">\n\t\t\t\t\t\t\t\t\t\t\t\t\t<\/div>\n\t\t\t\t<\/div>\n\t\t\t\t<div class=\"elementor-element elementor-element-4842ca7 elementor-arrows-position-inside elementor-pagination-position-outside elementor-widget elementor-widget-image-carousel\" data-id=\"4842ca7\" data-element_type=\"widget\" data-settings=\"{&quot;navigation&quot;:&quot;both&quot;,&quot;autoplay&quot;:&quot;yes&quot;,&quot;pause_on_hover&quot;:&quot;yes&quot;,&quot;pause_on_interaction&quot;:&quot;yes&quot;,&quot;autoplay_speed&quot;:5000,&quot;infinite&quot;:&quot;yes&quot;,&quot;speed&quot;:500}\" data-widget_type=\"image-carousel.default\">\n\t\t\t\t<div class=\"elementor-widget-container\">\n\t\t\t\t\t<div class=\"elementor-image-carousel-wrapper swiper-container\" dir=\"ltr\">\n\t\t\t<div class=\"elementor-image-carousel swiper-wrapper\">\n\t\t\t\t\t\t\t\t<div class=\"swiper-slide\"><figure class=\"swiper-slide-inner\"><img class=\"swiper-slide-image\" src=\"https:\/\/printwebdesign.de\/wp-content\/uploads\/2021\/04\/aeriedesign_fotografie_workshop_abc01-212x300.jpg\" alt=\"Beispiel-ABC Erika\" \/><figcaption class=\"elementor-image-carousel-caption\">Beispiel-ABC Erika<\/figcaption><\/figure><\/div>\t\t\t<\/div>\n\t\t\t\t\t<\/div>\n\t\t\t\t<\/div>\n\t\t\t\t<\/div>\n\t\t\t\t\t<\/div>\n\t\t<\/div>\n\t\t\t\t\t\t\t<\/div>\n\t\t<\/section>\n\t\t\t\t<section class=\"elementor-section elementor-top-section elementor-element elementor-element-4530122 elementor-section-boxed elementor-section-height-default elementor-section-height-default\" data-id=\"4530122\" data-element_type=\"section\">\n\t\t\t\t\t\t<div class=\"elementor-container elementor-column-gap-default\">\n\t\t\t\t\t<div class=\"elementor-column elementor-col-100 elementor-top-column elementor-element elementor-element-a370e97\" data-id=\"a370e97\" data-element_type=\"column\">\n\t\t\t<div class=\"elementor-widget-wrap\">\n\t\t\t\t\t\t\t\t\t<\/div>\n\t\t<\/div>\n\t\t\t\t\t\t\t<\/div>\n\t\t<\/section>\n\t\t\t\t\t\t\t<\/div>\n\t\t","protected":false},"excerpt":{"rendered":"<p>Auf allen Stra\u00dfen gibt es vielf\u00e4ltige Arten von schriftlichen Bezeichnungen, allen voran die Stra\u00dfennamenbeschilderung nat\u00fcrlich. Dar\u00fcber hinaus gibt es aber noch viel mehr: Namensschilder, Bezeichnungen von \u00f6ffentlichen Markierungen, Werbeschilder, manchmal [&hellip;]<\/p>\n","protected":false},"author":1,"featured_media":0,"parent":543,"menu_order":0,"comment_status":"closed","ping_status":"closed","template":"","meta":[],"_links":{"self":[{"href":"https:\/\/printwebdesign.de\/index.php?rest_route=\/wp\/v2\/pages\/550"}],"collection":[{"href":"https:\/\/printwebdesign.de\/index.php?rest_route=\/wp\/v2\/pages"}],"about":[{"href":"https:\/\/printwebdesign.de\/index.php?rest_route=\/wp\/v2\/types\/page"}],"author":[{"embeddable":true,"href":"https:\/\/printwebdesign.de\/index.php?rest_route=\/wp\/v2\/users\/1"}],"replies":[{"embeddable":true,"href":"https:\/\/printwebdesign.de\/index.php?rest_route=%2Fwp%2Fv2%2Fcomments&post=550"}],"version-history":[{"count":34,"href":"https:\/\/printwebdesign.de\/index.php?rest_route=\/wp\/v2\/pages\/550\/revisions"}],"predecessor-version":[{"id":659,"href":"https:\/\/printwebdesign.de\/index.php?rest_route=\/wp\/v2\/pages\/550\/revisions\/659"}],"up":[{"embeddable":true,"href":"https:\/\/printwebdesign.de\/index.php?rest_route=\/wp\/v2\/pages\/543"}],"wp:attachment":[{"href":"https:\/\/printwebdesign.de\/index.php?rest_route=%2Fwp%2Fv2%2Fmedia&parent=550"}],"curies":[{"name":"wp","href":"https:\/\/api.w.org\/{rel}","templated":true}]}}