{"id":548,"date":"2021-04-23T11:07:01","date_gmt":"2021-04-23T11:07:01","guid":{"rendered":"https:\/\/printwebdesign.de\/?page_id=548"},"modified":"2021-07-05T18:55:03","modified_gmt":"2021-07-05T18:55:03","slug":"foto-safari","status":"publish","type":"page","link":"https:\/\/printwebdesign.de\/?page_id=548","title":{"rendered":"Foto-Safari"},"content":{"rendered":"\t\t<div data-elementor-type=\"wp-page\" data-elementor-id=\"548\" class=\"elementor elementor-548\">\n\t\t\t\t\t\t\t\t\t<section class=\"elementor-section elementor-top-section elementor-element elementor-element-a225da5 elementor-section-boxed elementor-section-height-default elementor-section-height-default\" data-id=\"a225da5\" data-element_type=\"section\" data-settings=\"{&quot;background_background&quot;:&quot;classic&quot;}\">\n\t\t\t\t\t\t<div class=\"elementor-container elementor-column-gap-default\">\n\t\t\t\t\t<div class=\"elementor-column elementor-col-100 elementor-top-column elementor-element elementor-element-5ea10e8\" data-id=\"5ea10e8\" data-element_type=\"column\">\n\t\t\t<div class=\"elementor-widget-wrap elementor-element-populated\">\n\t\t\t\t\t\t\t\t<div class=\"elementor-element elementor-element-588ceed elementor-widget elementor-widget-spacer\" data-id=\"588ceed\" data-element_type=\"widget\" data-widget_type=\"spacer.default\">\n\t\t\t\t<div class=\"elementor-widget-container\">\n\t\t\t\t\t<div class=\"elementor-spacer\">\n\t\t\t<div class=\"elementor-spacer-inner\"><\/div>\n\t\t<\/div>\n\t\t\t\t<\/div>\n\t\t\t\t<\/div>\n\t\t\t\t<div class=\"elementor-element elementor-element-31aa49d elementor-widget elementor-widget-image\" data-id=\"31aa49d\" data-element_type=\"widget\" data-widget_type=\"image.default\">\n\t\t\t\t<div class=\"elementor-widget-container\">\n\t\t\t\t\t\t\t\t\t\t\t\t\t\t\t<img width=\"300\" height=\"50\" src=\"https:\/\/printwebdesign.de\/wp-content\/uploads\/2021\/04\/aeriedesign_fotosafari_logo-300x50.png\" class=\"attachment-medium size-medium wp-image-481\" alt=\"\" loading=\"lazy\" srcset=\"https:\/\/printwebdesign.de\/wp-content\/uploads\/2021\/04\/aeriedesign_fotosafari_logo-300x50.png 300w, https:\/\/printwebdesign.de\/wp-content\/uploads\/2021\/04\/aeriedesign_fotosafari_logo-1024x171.png 1024w, https:\/\/printwebdesign.de\/wp-content\/uploads\/2021\/04\/aeriedesign_fotosafari_logo-768x128.png 768w, https:\/\/printwebdesign.de\/wp-content\/uploads\/2021\/04\/aeriedesign_fotosafari_logo-1536x257.png 1536w, https:\/\/printwebdesign.de\/wp-content\/uploads\/2021\/04\/aeriedesign_fotosafari_logo.png 1616w\" sizes=\"(max-width: 300px) 100vw, 300px\" \/>\t\t\t\t\t\t\t\t\t\t\t\t\t\t\t<\/div>\n\t\t\t\t<\/div>\n\t\t\t\t<div class=\"elementor-element elementor-element-bfb092d elementor-widget elementor-widget-text-editor\" data-id=\"bfb092d\" data-element_type=\"widget\" data-widget_type=\"text-editor.default\">\n\t\t\t\t<div class=\"elementor-widget-container\">\n\t\t\t\t\t\t\t<h1><span style=\"color: #ffffff;\"><span style=\"color: #333333; font-size: 16px;\">Mit meinem Workshop <\/span><strong style=\"color: #333333; font-size: 16px;\">\u201eFotosafari\u201c (Safari = Jagd nach Motiven aus der unmittelbaren Umwelt<\/strong><span style=\"color: #333333; font-size: 16px;\">) lade ich alle Interessierten ein, sich mit simpler Grundausr\u00fcstung und etwas Muse auf den Weg zu machen.<\/span><br \/><\/span><\/h1>\t\t\t\t\t\t<\/div>\n\t\t\t\t<\/div>\n\t\t\t\t<section class=\"elementor-section elementor-inner-section elementor-element elementor-element-a1c7e93 elementor-section-boxed elementor-section-height-default elementor-section-height-default\" data-id=\"a1c7e93\" data-element_type=\"section\">\n\t\t\t\t\t\t<div class=\"elementor-container elementor-column-gap-default\">\n\t\t\t\t\t<div class=\"elementor-column elementor-col-100 elementor-inner-column elementor-element elementor-element-6f60cf0\" data-id=\"6f60cf0\" data-element_type=\"column\">\n\t\t\t<div class=\"elementor-widget-wrap elementor-element-populated\">\n\t\t\t\t\t\t\t\t<div class=\"elementor-element elementor-element-6b14cdc elementor-widget-divider--view-line_text elementor-widget-divider--element-align-center elementor-widget elementor-widget-divider\" data-id=\"6b14cdc\" data-element_type=\"widget\" data-widget_type=\"divider.default\">\n\t\t\t\t<div class=\"elementor-widget-container\">\n\t\t\t\t\t<div class=\"elementor-divider\">\n\t\t\t<span class=\"elementor-divider-separator\">\n\t\t\t\t\t\t\t<span class=\"elementor-divider__text elementor-divider__element\">\n\t\t\t\t1\t\t\t\t<\/span>\n\t\t\t\t\t\t<\/span>\n\t\t<\/div>\n\t\t\t\t<\/div>\n\t\t\t\t<\/div>\n\t\t\t\t<div class=\"elementor-element elementor-element-72e4e14 elementor-widget elementor-widget-text-editor\" data-id=\"72e4e14\" data-element_type=\"widget\" data-widget_type=\"text-editor.default\">\n\t\t\t\t<div class=\"elementor-widget-container\">\n\t\t\t\t\t\t\t<p><b>Du brauchst:<span class=\"Apple-converted-space\">\u00a0<\/span><\/b><\/p><p>\u2022 Fotoapparat\/Handykamera + etwas Zeit<span class=\"Apple-converted-space\">\u00a0<\/span>(nutze das Tageslicht)<\/p><p>\u2022 nur Dich alleine \/ eine Freundin, einen Freund<span class=\"Apple-converted-space\">\u00a0<\/span><\/p><p>\u2022 ein Thema, das m\u00f6glichst universell funktioniert, z. B. \u201eKreis\u201c oder \u201eRot\u201c etc.<\/p><p><b>Der Weg ist hier endlich mal ein gro\u00dfes St\u00fcck vom Ziel:<span class=\"Apple-converted-space\">\u00a0<\/span><\/b><\/p><p>\u2022 Gehe planlos oder \u00fcberlege dir eine Strecke, die du\u00a0abgehen m\u00f6chtest.<\/p><p>\u2013&gt; Bei mehreren Personen empfehle ich, entweder einzeln unterschiedliche Strecken zu gehen, oder eine zeitliche Aufteilung gleicher Strecken zu machen. <br \/>Denn alleine nimmt man die Umgebung meistens intensiver wahr, weil man sich von anderen nicht ablenken lassen, sondern auf sich selbst konzentriert bleiben kann.<\/p>\t\t\t\t\t\t<\/div>\n\t\t\t\t<\/div>\n\t\t\t\t<div class=\"elementor-element elementor-element-2f86193 elementor-widget-divider--view-line_text elementor-widget-divider--element-align-center elementor-widget elementor-widget-divider\" data-id=\"2f86193\" data-element_type=\"widget\" data-widget_type=\"divider.default\">\n\t\t\t\t<div class=\"elementor-widget-container\">\n\t\t\t\t\t<div class=\"elementor-divider\">\n\t\t\t<span class=\"elementor-divider-separator\">\n\t\t\t\t\t\t\t<span class=\"elementor-divider__text elementor-divider__element\">\n\t\t\t\t2\t\t\t\t<\/span>\n\t\t\t\t\t\t<\/span>\n\t\t<\/div>\n\t\t\t\t<\/div>\n\t\t\t\t<\/div>\n\t\t\t\t<div class=\"elementor-element elementor-element-988504d elementor-widget elementor-widget-text-editor\" data-id=\"988504d\" data-element_type=\"widget\" data-widget_type=\"text-editor.default\">\n\t\t\t\t<div class=\"elementor-widget-container\">\n\t\t\t\t\t\t\t<p><b>Auf dem Weg:<span class=\"Apple-converted-space\">\u00a0<\/span><\/b><\/p><p>\u2022 Gehe langsam, um deine Umgebung wirklich\u00a0wahrnehmen zu k\u00f6nnen.<span class=\"Apple-converted-space\">\u00a0<\/span><\/p><p>\u2022 Bleibe auch stehen und schaue nach allen Seiten, nach oben und unten.<\/p><p><b>Du hast etwas zu deinem Thema gefunden?<span class=\"Apple-converted-space\">\u00a0<\/span><\/b><\/p><p>\u2022 Gehe n\u00e4her heran.<span class=\"Apple-converted-space\">\u00a0<\/span><\/p><p>\u2022 Mache ein Foto, auf dem es gut zu erkennen ist\u00a0(manchmal ist auch das direkt Umfeld dazu interessant).<\/p><p>\u2022 Mache ein weiteres Foto aus einem anderen Blickwinkel oder gehe noch n\u00e4her heran.<\/p><p>\u2022 Mache nicht zu viele Aufnahmen, sondern \u00fcberlege vor jedem Klick, was du aufnehmen willst.<span class=\"Apple-converted-space\">\u00a0<\/span><\/p><p>\u2022 Halte kurz den Atem an, wenn du ausl\u00f6st (d. h. auf den Knopf dr\u00fcckst, der beim Fotoapparat Ausl\u00f6ser genannt wird, um ein Foto zu machen) \u2013 das erh\u00f6ht die Wahrscheinlichkeit, dass du nicht verwackelst und keine Bewegungsunsch\u00e4rfe im Bild erzeugst.<\/p>\t\t\t\t\t\t<\/div>\n\t\t\t\t<\/div>\n\t\t\t\t<div class=\"elementor-element elementor-element-8859212 elementor-widget-divider--view-line_text elementor-widget-divider--element-align-center elementor-widget elementor-widget-divider\" data-id=\"8859212\" data-element_type=\"widget\" data-widget_type=\"divider.default\">\n\t\t\t\t<div class=\"elementor-widget-container\">\n\t\t\t\t\t<div class=\"elementor-divider\">\n\t\t\t<span class=\"elementor-divider-separator\">\n\t\t\t\t\t\t\t<span class=\"elementor-divider__text elementor-divider__element\">\n\t\t\t\t3\t\t\t\t<\/span>\n\t\t\t\t\t\t<\/span>\n\t\t<\/div>\n\t\t\t\t<\/div>\n\t\t\t\t<\/div>\n\t\t\t\t<div class=\"elementor-element elementor-element-83d78f1 elementor-widget elementor-widget-text-editor\" data-id=\"83d78f1\" data-element_type=\"widget\" data-widget_type=\"text-editor.default\">\n\t\t\t\t<div class=\"elementor-widget-container\">\n\t\t\t\t\t\t\t<p><b>N\u00fctzlich zu wissen:<\/b><\/p><p>Die meisten Fotoapparate und auch die Handykamera haben Autofokus (Scharfstell-Automatik). Dies sollte der Einfachkeit halber genutzt werden, um unscharfe Fotos zu vermeiden.<\/p><p>\u2022 Schaue dir auf dem Weg deine schon gemachten Fotos nur kurz an, l\u00f6sche unscharfe Bilder sofort und mache die Aufnahme noch einmal.<\/p><p>\u2022 Schaue nicht st\u00e4ndig die Fotos durch, die du schon gemacht hast, sondern bleibe konzentriert auf deine Umgebung, um neue Motive zu entdecken.<span class=\"Apple-converted-space\">\u00a0<\/span><\/p><p><b>Wichtiger Hinwei\u00df zu Grundst\u00fccksgrenzen:<span class=\"Apple-converted-space\">\u00a0<\/span><\/b><\/p><p>Manche Menschen sind \u00e4ngstlich und f\u00fchlen sich bel\u00e4stigt, wenn du etwas an ihrem Haus oder Garten fotografieren willst. Betrete keine fremden Grundst\u00fccke ohne Erlaubnis. Vielleicht fragst du einfach nach, wenn du jemanden siehst, und erkl\u00e4rst ihm oder ihr kurz dein Projekt.<span class=\"Apple-converted-space\">\u00a0<\/span><\/p>\t\t\t\t\t\t<\/div>\n\t\t\t\t<\/div>\n\t\t\t\t<div class=\"elementor-element elementor-element-628013f elementor-widget-divider--view-line_text elementor-widget-divider--element-align-center elementor-widget elementor-widget-divider\" data-id=\"628013f\" data-element_type=\"widget\" data-widget_type=\"divider.default\">\n\t\t\t\t<div class=\"elementor-widget-container\">\n\t\t\t\t\t<div class=\"elementor-divider\">\n\t\t\t<span class=\"elementor-divider-separator\">\n\t\t\t\t\t\t\t<span class=\"elementor-divider__text elementor-divider__element\">\n\t\t\t\t4\t\t\t\t<\/span>\n\t\t\t\t\t\t<\/span>\n\t\t<\/div>\n\t\t\t\t<\/div>\n\t\t\t\t<\/div>\n\t\t\t\t<div class=\"elementor-element elementor-element-8f71a02 elementor-widget elementor-widget-text-editor\" data-id=\"8f71a02\" data-element_type=\"widget\" data-widget_type=\"text-editor.default\">\n\t\t\t\t<div class=\"elementor-widget-container\">\n\t\t\t\t\t\t\t<p><b>Auswertung:<\/b><\/p><p>Hast du es geschafft, dir auf der Strecke nicht alle Fotos mehrfach anzuschauen, wirst du hinterher vielleicht staunen, wie viel du gefunden hast ( je nach Thema und Zeitspanne, die du gew\u00e4hlt hast).<\/p><p>\u2022 Sortiere beim ersten Durchschauen zun\u00e4chst\u00a0verwackelte oder anders verungl\u00fcckte Fotos aus.<span class=\"Apple-converted-space\">\u00a0<\/span><\/p><p>\u2022 Hast du mehrere sehr \u00e4hnliche Fotos vom selben Motiv gemacht, dann suche dir das beste aus und l\u00f6sche die anderen.<\/p><p>\u2022 Zum Schluss suchst du dir die sch\u00f6nsten oder spannendsten Aufnahmen heraus und legst sie in einem Ordner ab, in den du auch zuk\u00fcnftige Fotoprojekte speicherst.<span class=\"Apple-converted-space\">\u00a0So entsteht ein Archiv deiner Arbeiten, die du anderen vorf\u00fchren kannst.<\/span><\/p><p>\u2022 Wenn du magst, dann maile mir deine Lieblingsaufnahmen mit Thementitel zu. Ich w\u00fcrde sie gerne auf dieser Seite ver\u00f6ffentlichen. Schreib mir, welchen (Spitz-) Namen ich dazu schreiben darf.<\/p><p><strong>Je \u00f6fter du \u201elosziehst\u201c, desto ge\u00fcbter wird dein Blick. <\/strong><br \/><strong>Wenn du Spa\u00df am Fotografieren hast, dann wirst du immer auf etwas Interessantes sto\u00dfen, wenn du dir die n\u00f6tige Ruhe daf\u00fcr nimmst.<\/strong><\/p><p>\u00a0<\/p>\t\t\t\t\t\t<\/div>\n\t\t\t\t<\/div>\n\t\t\t\t\t<\/div>\n\t\t<\/div>\n\t\t\t\t\t\t\t<\/div>\n\t\t<\/section>\n\t\t\t\t\t<\/div>\n\t\t<\/div>\n\t\t\t\t\t\t\t<\/div>\n\t\t<\/section>\n\t\t\t\t<section class=\"elementor-section elementor-top-section elementor-element elementor-element-6273895 elementor-section-boxed elementor-section-height-default elementor-section-height-default\" data-id=\"6273895\" data-element_type=\"section\">\n\t\t\t\t\t\t<div class=\"elementor-container elementor-column-gap-default\">\n\t\t\t\t\t<div class=\"elementor-column elementor-col-100 elementor-top-column elementor-element elementor-element-835437e\" data-id=\"835437e\" data-element_type=\"column\">\n\t\t\t<div class=\"elementor-widget-wrap elementor-element-populated\">\n\t\t\t\t\t\t\t\t<div class=\"elementor-element elementor-element-51e38b4 elementor-widget elementor-widget-text-editor\" data-id=\"51e38b4\" data-element_type=\"widget\" data-widget_type=\"text-editor.default\">\n\t\t\t\t<div class=\"elementor-widget-container\">\n\t\t\t\t\t\t\t<h1>\u00a0<\/h1><h1>Fotosafari-Impressionen<\/h1>\t\t\t\t\t\t<\/div>\n\t\t\t\t<\/div>\n\t\t\t\t<div class=\"elementor-element elementor-element-4842ca7 elementor-arrows-position-inside elementor-pagination-position-outside elementor-widget elementor-widget-image-carousel\" data-id=\"4842ca7\" data-element_type=\"widget\" data-settings=\"{&quot;navigation&quot;:&quot;both&quot;,&quot;autoplay&quot;:&quot;yes&quot;,&quot;pause_on_hover&quot;:&quot;yes&quot;,&quot;pause_on_interaction&quot;:&quot;yes&quot;,&quot;autoplay_speed&quot;:5000,&quot;infinite&quot;:&quot;yes&quot;,&quot;speed&quot;:500}\" data-widget_type=\"image-carousel.default\">\n\t\t\t\t<div class=\"elementor-widget-container\">\n\t\t\t\t\t<div class=\"elementor-image-carousel-wrapper swiper-container\" dir=\"ltr\">\n\t\t\t<div class=\"elementor-image-carousel swiper-wrapper\">\n\t\t\t\t\t\t\t\t<div class=\"swiper-slide\"><figure class=\"swiper-slide-inner\"><img class=\"swiper-slide-image\" src=\"https:\/\/printwebdesign.de\/wp-content\/uploads\/2021\/03\/aerie_fotoWorkshop_rund-300x225.jpg\" alt=\"Thema Rund \/ Erika\" \/><figcaption class=\"elementor-image-carousel-caption\">Thema Rund \/ Erika<\/figcaption><\/figure><\/div><div class=\"swiper-slide\"><figure class=\"swiper-slide-inner\"><img class=\"swiper-slide-image\" src=\"https:\/\/printwebdesign.de\/wp-content\/uploads\/2021\/03\/aerie_fotoWorkshop_blau2-225x300.jpg\" alt=\"Thema Blau \/ Erika\" \/><figcaption class=\"elementor-image-carousel-caption\">Thema Blau \/ Erika<\/figcaption><\/figure><\/div><div class=\"swiper-slide\"><figure class=\"swiper-slide-inner\"><img class=\"swiper-slide-image\" src=\"https:\/\/printwebdesign.de\/wp-content\/uploads\/2021\/03\/aeriedesign_gesichter_2b-201x300.jpg\" alt=\"Thema Gesichter \/ Erika\" \/><figcaption class=\"elementor-image-carousel-caption\">Thema Gesichter \/ Erika<\/figcaption><\/figure><\/div><div class=\"swiper-slide\"><figure class=\"swiper-slide-inner\"><img class=\"swiper-slide-image\" src=\"https:\/\/printwebdesign.de\/wp-content\/uploads\/2021\/03\/aeriedesign_buchstaben_1-225x300.jpg\" alt=\"Thema Buchstaben \/ Erika\" \/><figcaption class=\"elementor-image-carousel-caption\">Thema Buchstaben \/ Erika<\/figcaption><\/figure><\/div>\t\t\t<\/div>\n\t\t\t\t\t\t\t\t\t\t\t\t<div class=\"swiper-pagination\"><\/div>\n\t\t\t\t\t\t\t\t\t\t\t\t\t<div class=\"elementor-swiper-button elementor-swiper-button-prev\">\n\t\t\t\t\t\t<i aria-hidden=\"true\" class=\"eicon-chevron-left\"><\/i>\t\t\t\t\t\t<span class=\"elementor-screen-only\">Zur\u00fcck<\/span>\n\t\t\t\t\t<\/div>\n\t\t\t\t\t<div class=\"elementor-swiper-button elementor-swiper-button-next\">\n\t\t\t\t\t\t<i aria-hidden=\"true\" class=\"eicon-chevron-right\"><\/i>\t\t\t\t\t\t<span class=\"elementor-screen-only\">Weiter<\/span>\n\t\t\t\t\t<\/div>\n\t\t\t\t\t\t\t\t\t<\/div>\n\t\t\t\t<\/div>\n\t\t\t\t<\/div>\n\t\t\t\t\t<\/div>\n\t\t<\/div>\n\t\t\t\t\t\t\t<\/div>\n\t\t<\/section>\n\t\t\t\t<section class=\"elementor-section elementor-top-section elementor-element elementor-element-4530122 elementor-section-boxed elementor-section-height-default elementor-section-height-default\" data-id=\"4530122\" data-element_type=\"section\">\n\t\t\t\t\t\t<div class=\"elementor-container elementor-column-gap-default\">\n\t\t\t\t\t<div class=\"elementor-column elementor-col-100 elementor-top-column elementor-element elementor-element-a370e97\" data-id=\"a370e97\" data-element_type=\"column\">\n\t\t\t<div class=\"elementor-widget-wrap\">\n\t\t\t\t\t\t\t\t\t<\/div>\n\t\t<\/div>\n\t\t\t\t\t\t\t<\/div>\n\t\t<\/section>\n\t\t\t\t\t\t\t<\/div>\n\t\t","protected":false},"excerpt":{"rendered":"<p>Mit meinem Workshop \u201eFotosafari\u201c (Safari = Jagd nach Motiven aus der unmittelbaren Umwelt) lade ich alle Interessierten ein, sich mit simpler Grundausr\u00fcstung und etwas Muse auf den Weg zu machen. [&hellip;]<\/p>\n","protected":false},"author":1,"featured_media":0,"parent":543,"menu_order":0,"comment_status":"closed","ping_status":"closed","template":"","meta":[],"_links":{"self":[{"href":"https:\/\/printwebdesign.de\/index.php?rest_route=\/wp\/v2\/pages\/548"}],"collection":[{"href":"https:\/\/printwebdesign.de\/index.php?rest_route=\/wp\/v2\/pages"}],"about":[{"href":"https:\/\/printwebdesign.de\/index.php?rest_route=\/wp\/v2\/types\/page"}],"author":[{"embeddable":true,"href":"https:\/\/printwebdesign.de\/index.php?rest_route=\/wp\/v2\/users\/1"}],"replies":[{"embeddable":true,"href":"https:\/\/printwebdesign.de\/index.php?rest_route=%2Fwp%2Fv2%2Fcomments&post=548"}],"version-history":[{"count":7,"href":"https:\/\/printwebdesign.de\/index.php?rest_route=\/wp\/v2\/pages\/548\/revisions"}],"predecessor-version":[{"id":668,"href":"https:\/\/printwebdesign.de\/index.php?rest_route=\/wp\/v2\/pages\/548\/revisions\/668"}],"up":[{"embeddable":true,"href":"https:\/\/printwebdesign.de\/index.php?rest_route=\/wp\/v2\/pages\/543"}],"wp:attachment":[{"href":"https:\/\/printwebdesign.de\/index.php?rest_route=%2Fwp%2Fv2%2Fmedia&parent=548"}],"curies":[{"name":"wp","href":"https:\/\/api.w.org\/{rel}","templated":true}]}}