{"id":37,"date":"2021-03-17T23:03:51","date_gmt":"2021-03-17T23:03:51","guid":{"rendered":"https:\/\/printwebdesign.de\/?page_id=37"},"modified":"2021-05-14T13:22:30","modified_gmt":"2021-05-14T13:22:30","slug":"wer-ist-aerie-design","status":"publish","type":"page","link":"https:\/\/printwebdesign.de\/?page_id=37","title":{"rendered":"Wer ist \u00e4rie design?"},"content":{"rendered":"\t\t<div data-elementor-type=\"wp-page\" data-elementor-id=\"37\" class=\"elementor elementor-37\">\n\t\t\t\t\t\t\t\t\t<section class=\"elementor-section elementor-top-section elementor-element elementor-element-2aa8d83 elementor-section-boxed elementor-section-height-default elementor-section-height-default\" data-id=\"2aa8d83\" data-element_type=\"section\">\n\t\t\t\t\t\t<div class=\"elementor-container elementor-column-gap-default\">\n\t\t\t\t\t<div class=\"elementor-column elementor-col-100 elementor-top-column elementor-element elementor-element-36d7aedd\" data-id=\"36d7aedd\" data-element_type=\"column\">\n\t\t\t<div class=\"elementor-widget-wrap elementor-element-populated\">\n\t\t\t\t\t\t\t\t<section class=\"elementor-section elementor-inner-section elementor-element elementor-element-f6faea6 elementor-section-boxed elementor-section-height-default elementor-section-height-default\" data-id=\"f6faea6\" data-element_type=\"section\">\n\t\t\t\t\t\t<div class=\"elementor-container elementor-column-gap-default\">\n\t\t\t\t\t<div class=\"elementor-column elementor-col-33 elementor-inner-column elementor-element elementor-element-11154cd\" data-id=\"11154cd\" data-element_type=\"column\">\n\t\t\t<div class=\"elementor-widget-wrap elementor-element-populated\">\n\t\t\t\t\t\t\t\t<div class=\"elementor-element elementor-element-7c25edf elementor-widget elementor-widget-text-editor\" data-id=\"7c25edf\" data-element_type=\"widget\" data-widget_type=\"text-editor.default\">\n\t\t\t\t<div class=\"elementor-widget-container\">\n\t\t\t\t\t\t\t<p><span class=\"JtukPc\"><strong>\u00e4rie design<\/strong> \u2013 das ist Erika Lach-P\u00fcckert<br \/>Studium der Visuellen Kommunikation <br \/>an der Universit\u00e4t der K\u00fcnste Berlin (UdK\u00a0Berlin), <br \/>seitdem freiberuflich t\u00e4tig<\/span><\/p>\t\t\t\t\t\t<\/div>\n\t\t\t\t<\/div>\n\t\t\t\t\t<\/div>\n\t\t<\/div>\n\t\t\t\t<div class=\"elementor-column elementor-col-33 elementor-inner-column elementor-element elementor-element-aab8968\" data-id=\"aab8968\" data-element_type=\"column\">\n\t\t\t<div class=\"elementor-widget-wrap elementor-element-populated\">\n\t\t\t\t\t\t\t\t<div class=\"elementor-element elementor-element-5ecb15f elementor-widget elementor-widget-image\" data-id=\"5ecb15f\" data-element_type=\"widget\" data-widget_type=\"image.default\">\n\t\t\t\t<div class=\"elementor-widget-container\">\n\t\t\t\t\t\t\t\t\t\t\t\t\t\t\t<img width=\"800\" height=\"705\" src=\"https:\/\/printwebdesign.de\/wp-content\/uploads\/2021\/03\/aerie_gezett_neugierigbleiben.jpg\" class=\"attachment-large size-large wp-image-195\" alt=\"\" loading=\"lazy\" srcset=\"https:\/\/printwebdesign.de\/wp-content\/uploads\/2021\/03\/aerie_gezett_neugierigbleiben.jpg 800w, https:\/\/printwebdesign.de\/wp-content\/uploads\/2021\/03\/aerie_gezett_neugierigbleiben-300x264.jpg 300w, https:\/\/printwebdesign.de\/wp-content\/uploads\/2021\/03\/aerie_gezett_neugierigbleiben-768x677.jpg 768w\" sizes=\"(max-width: 800px) 100vw, 800px\" \/>\t\t\t\t\t\t\t\t\t\t\t\t\t\t\t<\/div>\n\t\t\t\t<\/div>\n\t\t\t\t\t<\/div>\n\t\t<\/div>\n\t\t\t\t<div class=\"elementor-column elementor-col-33 elementor-inner-column elementor-element elementor-element-cce5420\" data-id=\"cce5420\" data-element_type=\"column\">\n\t\t\t<div class=\"elementor-widget-wrap\">\n\t\t\t\t\t\t\t\t\t<\/div>\n\t\t<\/div>\n\t\t\t\t\t\t\t<\/div>\n\t\t<\/section>\n\t\t\t\t<div class=\"elementor-element elementor-element-9e7d671 elementor-widget elementor-widget-text-editor\" data-id=\"9e7d671\" data-element_type=\"widget\" data-widget_type=\"text-editor.default\">\n\t\t\t\t<div class=\"elementor-widget-container\">\n\t\t\t\t\t\t\t<h2>\u00a0<\/h2><h2>Kunden<\/h2><p><strong>Zu meinen zufriedenen Kundinnen und Kunden geh\u00f6ren u.a.<\/strong><br \/>sportraum bs Berlin \u2013 Frauenstudio f\u00fcr Pilates, Yoga und Tanz in Berlin-Wilmersdorf \u00b7 Avantgarde Lasermedizin \u2013 Lasermedizin am Kudamm in Berlin \u00b7 rbb \u2013 Rundfunk Berlin-Brandenburg in Potsdam \u00b7 rbb media \u2013 in Berlin \u00b7 Phatcharree \u2013 Thail\u00e4ndisches Restaurant in Wildau \u00b7 gz Fotostudio \u2013 Berlin \u00b7 Baumpflege-Rheinhessen in Dittelsheim-Hessloch \u00b7 Parkwirtschaft \u2013 Gastronomie und Ferienwohnungsvermietungin Worms \u00b7 Verein macht Schule e.V. \u2013 Schulf\u00f6rderverein\u00a0 Grundschule Schulzendorf \u00b7 PEBA \u2013 Pr\u00fcfinstitut in Berlin \u00b7 Nova Finis \u2013 Finanzdienstleistungsb\u00fcro in Berlin \u00b7 Hurricane Records \u2013 Tontr\u00e4gerhandel in Berlin \u00b7 Epitaph \u2013 Musikgruppe \u00b7 Rudolf von Schmitt-Winterfeldt \u2013 Musiker \u00b7 GBK Brandenburg e.V. \u2013 Verein in Potsdam \u00b7 Neuhaus Verlag und Verlagsarchiv \u2013 Berlin \u00b7 VdF \u2013 Schulf\u00f6rderverein Zeuthen \u00b7 Balance \u2013 die Kunst der Mitte \u2013 Coaching Hallbergmoos \u00b7 Kanzlei Thimm \u2013 Berlin \u00b7 Spindlers Erben \u2013 Veranstaltungskoordination Berlin \u00b7 urban deluxe \u2013 Architekturb\u00fcro Hamburg \u00b7 Anton Paar ProveTec \u2013\u00a0Entwicklung von Messinstrumenten in Dahlewitz\u00a0<\/p>\t\t\t\t\t\t<\/div>\n\t\t\t\t<\/div>\n\t\t\t\t\t<\/div>\n\t\t<\/div>\n\t\t\t\t\t\t\t<\/div>\n\t\t<\/section>\n\t\t\t\t<section class=\"elementor-section elementor-top-section elementor-element elementor-element-3e234a3 elementor-section-boxed elementor-section-height-default elementor-section-height-default\" data-id=\"3e234a3\" data-element_type=\"section\">\n\t\t\t\t\t\t<div class=\"elementor-container elementor-column-gap-default\">\n\t\t\t\t\t<div class=\"elementor-column elementor-col-100 elementor-top-column elementor-element elementor-element-ddd2f63\" data-id=\"ddd2f63\" data-element_type=\"column\">\n\t\t\t<div class=\"elementor-widget-wrap elementor-element-populated\">\n\t\t\t\t\t\t\t\t<div class=\"elementor-element elementor-element-5c8d1a1 elementor-arrows-position-inside elementor-pagination-position-outside elementor-widget elementor-widget-image-carousel\" data-id=\"5c8d1a1\" data-element_type=\"widget\" data-settings=\"{&quot;navigation&quot;:&quot;both&quot;,&quot;autoplay&quot;:&quot;yes&quot;,&quot;pause_on_hover&quot;:&quot;yes&quot;,&quot;pause_on_interaction&quot;:&quot;yes&quot;,&quot;autoplay_speed&quot;:5000,&quot;infinite&quot;:&quot;yes&quot;,&quot;speed&quot;:500}\" data-widget_type=\"image-carousel.default\">\n\t\t\t\t<div class=\"elementor-widget-container\">\n\t\t\t\t\t<div class=\"elementor-image-carousel-wrapper swiper-container\" dir=\"ltr\">\n\t\t\t<div class=\"elementor-image-carousel swiper-wrapper\">\n\t\t\t\t\t\t\t\t<div class=\"swiper-slide\"><figure class=\"swiper-slide-inner\"><img class=\"swiper-slide-image\" src=\"https:\/\/printwebdesign.de\/wp-content\/uploads\/2021\/04\/aeriedesign_kunden_01_sportraum_bs-300x143.jpg\" alt=\"aeriedesign_kunden_01_sportraum_bs\" \/><\/figure><\/div><div class=\"swiper-slide\"><figure class=\"swiper-slide-inner\"><img class=\"swiper-slide-image\" src=\"https:\/\/printwebdesign.de\/wp-content\/uploads\/2021\/04\/aeriedesign_kunden_16_tutango_berlin-300x143.jpg\" alt=\"aeriedesign_kunden_16_tutango_berlin\" \/><\/figure><\/div><div class=\"swiper-slide\"><figure class=\"swiper-slide-inner\"><img class=\"swiper-slide-image\" src=\"https:\/\/printwebdesign.de\/wp-content\/uploads\/2021\/03\/aeriedesign_kunden_03_gz-300x143.jpg\" alt=\"aeriedesign_kunden_03_gz\" \/><\/figure><\/div><div class=\"swiper-slide\"><figure class=\"swiper-slide-inner\"><img class=\"swiper-slide-image\" src=\"https:\/\/printwebdesign.de\/wp-content\/uploads\/2021\/03\/aeriedesign_kunden_10_vSW-300x143.jpg\" alt=\"aeriedesign_kunden_10_vSW\" \/><\/figure><\/div><div class=\"swiper-slide\"><figure class=\"swiper-slide-inner\"><img class=\"swiper-slide-image\" src=\"https:\/\/printwebdesign.de\/wp-content\/uploads\/2021\/03\/aeriedesign_kunden_04_phatcharee-300x143.jpg\" alt=\"aeriedesign_kunden_04_phatcharee\" \/><\/figure><\/div><div class=\"swiper-slide\"><figure class=\"swiper-slide-inner\"><img class=\"swiper-slide-image\" src=\"https:\/\/printwebdesign.de\/wp-content\/uploads\/2021\/03\/aeriedesign_kunden_07_spindlerserben-300x143.jpg\" alt=\"aeriedesign_kunden_07_spindlerserben\" \/><\/figure><\/div><div class=\"swiper-slide\"><figure class=\"swiper-slide-inner\"><img class=\"swiper-slide-image\" src=\"https:\/\/printwebdesign.de\/wp-content\/uploads\/2021\/03\/aeriedesign_kunden_05_hurricane-300x143.jpg\" alt=\"aeriedesign_kunden_05_hurricane\" \/><\/figure><\/div><div class=\"swiper-slide\"><figure class=\"swiper-slide-inner\"><img class=\"swiper-slide-image\" src=\"https:\/\/printwebdesign.de\/wp-content\/uploads\/2021\/03\/aeriedesign_kunden_06_PEBA-300x143.jpg\" alt=\"aeriedesign_kunden_06_PEBA\" \/><\/figure><\/div><div class=\"swiper-slide\"><figure class=\"swiper-slide-inner\"><img class=\"swiper-slide-image\" src=\"https:\/\/printwebdesign.de\/wp-content\/uploads\/2021\/03\/aeriedesign_kunden_09_novafinis-300x143.jpg\" alt=\"aeriedesign_kunden_09_novafinis\" \/><\/figure><\/div><div class=\"swiper-slide\"><figure class=\"swiper-slide-inner\"><img class=\"swiper-slide-image\" src=\"https:\/\/printwebdesign.de\/wp-content\/uploads\/2021\/05\/aeriedesign_kunden_baumpflegeRheinhessen-300x143.jpg\" alt=\"aeriedesign_kunden_baumpflegeRheinhessen\" \/><\/figure><\/div><div class=\"swiper-slide\"><figure class=\"swiper-slide-inner\"><img class=\"swiper-slide-image\" src=\"https:\/\/printwebdesign.de\/wp-content\/uploads\/2021\/03\/aeriedesign_kunden_08_urbandeluxe-300x143.jpg\" alt=\"aeriedesign_kunden_08_urbandeluxe\" \/><\/figure><\/div><div class=\"swiper-slide\"><figure class=\"swiper-slide-inner\"><img class=\"swiper-slide-image\" src=\"https:\/\/printwebdesign.de\/wp-content\/uploads\/2021\/04\/aeriedesign_kunden_17_gtg_berlin-300x143.jpg\" alt=\"aeriedesign_kunden_17_gtg_berlin\" \/><\/figure><\/div><div class=\"swiper-slide\"><figure class=\"swiper-slide-inner\"><img class=\"swiper-slide-image\" src=\"https:\/\/printwebdesign.de\/wp-content\/uploads\/2021\/03\/aeriedesign_kunden_12_VdF-300x143.jpg\" alt=\"aeriedesign_kunden_12_VdF\" \/><\/figure><\/div><div class=\"swiper-slide\"><figure class=\"swiper-slide-inner\"><img class=\"swiper-slide-image\" src=\"https:\/\/printwebdesign.de\/wp-content\/uploads\/2021\/03\/aeriedesign_kunden_11_balance-300x143.jpg\" alt=\"aeriedesign_kunden_11_balance\" \/><\/figure><\/div><div class=\"swiper-slide\"><figure class=\"swiper-slide-inner\"><img class=\"swiper-slide-image\" src=\"https:\/\/printwebdesign.de\/wp-content\/uploads\/2021\/04\/aeriedesign_kunden_15_joers-300x143.jpg\" alt=\"aeriedesign_kunden_15_joers\" \/><\/figure><\/div><div class=\"swiper-slide\"><figure class=\"swiper-slide-inner\"><img class=\"swiper-slide-image\" src=\"https:\/\/printwebdesign.de\/wp-content\/uploads\/2021\/04\/aeriedesign_kunden_13_sonicht_schulzendorf-300x143.jpg\" alt=\"aeriedesign_kunden_13_sonicht_schulzendorf\" \/><\/figure><\/div><div class=\"swiper-slide\"><figure class=\"swiper-slide-inner\"><img class=\"swiper-slide-image\" src=\"https:\/\/printwebdesign.de\/wp-content\/uploads\/2021\/04\/aeriedesign_kunden_14_brenkmann_berlin-300x143.jpg\" alt=\"aeriedesign_kunden_14_brenkmann_berlin\" \/><\/figure><\/div>\t\t\t<\/div>\n\t\t\t\t\t\t\t\t\t\t\t\t<div class=\"swiper-pagination\"><\/div>\n\t\t\t\t\t\t\t\t\t\t\t\t\t<div class=\"elementor-swiper-button elementor-swiper-button-prev\">\n\t\t\t\t\t\t<i aria-hidden=\"true\" class=\"eicon-chevron-left\"><\/i>\t\t\t\t\t\t<span class=\"elementor-screen-only\">Zur\u00fcck<\/span>\n\t\t\t\t\t<\/div>\n\t\t\t\t\t<div class=\"elementor-swiper-button elementor-swiper-button-next\">\n\t\t\t\t\t\t<i aria-hidden=\"true\" class=\"eicon-chevron-right\"><\/i>\t\t\t\t\t\t<span class=\"elementor-screen-only\">Weiter<\/span>\n\t\t\t\t\t<\/div>\n\t\t\t\t\t\t\t\t\t<\/div>\n\t\t\t\t<\/div>\n\t\t\t\t<\/div>\n\t\t\t\t\t<\/div>\n\t\t<\/div>\n\t\t\t\t\t\t\t<\/div>\n\t\t<\/section>\n\t\t\t\t\t\t\t<\/div>\n\t\t","protected":false},"excerpt":{"rendered":"<p>\u00e4rie design \u2013 das ist Erika Lach-P\u00fcckertStudium der Visuellen Kommunikation an der Universit\u00e4t der K\u00fcnste Berlin (UdK\u00a0Berlin), seitdem freiberuflich t\u00e4tig \u00a0 Kunden Zu meinen zufriedenen Kundinnen und Kunden geh\u00f6ren u.a.sportraum [&hellip;]<\/p>\n","protected":false},"author":1,"featured_media":0,"parent":0,"menu_order":0,"comment_status":"closed","ping_status":"closed","template":"","meta":[],"_links":{"self":[{"href":"https:\/\/printwebdesign.de\/index.php?rest_route=\/wp\/v2\/pages\/37"}],"collection":[{"href":"https:\/\/printwebdesign.de\/index.php?rest_route=\/wp\/v2\/pages"}],"about":[{"href":"https:\/\/printwebdesign.de\/index.php?rest_route=\/wp\/v2\/types\/page"}],"author":[{"embeddable":true,"href":"https:\/\/printwebdesign.de\/index.php?rest_route=\/wp\/v2\/users\/1"}],"replies":[{"embeddable":true,"href":"https:\/\/printwebdesign.de\/index.php?rest_route=%2Fwp%2Fv2%2Fcomments&post=37"}],"version-history":[{"count":61,"href":"https:\/\/printwebdesign.de\/index.php?rest_route=\/wp\/v2\/pages\/37\/revisions"}],"predecessor-version":[{"id":663,"href":"https:\/\/printwebdesign.de\/index.php?rest_route=\/wp\/v2\/pages\/37\/revisions\/663"}],"wp:attachment":[{"href":"https:\/\/printwebdesign.de\/index.php?rest_route=%2Fwp%2Fv2%2Fmedia&parent=37"}],"curies":[{"name":"wp","href":"https:\/\/api.w.org\/{rel}","templated":true}]}}