{"id":2,"date":"2021-03-17T21:59:15","date_gmt":"2021-03-17T21:59:15","guid":{"rendered":"https:\/\/printwebdesign.de\/?page_id=2"},"modified":"2021-04-03T10:08:53","modified_gmt":"2021-04-03T10:08:53","slug":"sample-page","status":"publish","type":"page","link":"https:\/\/printwebdesign.de\/","title":{"rendered":"Gestaltung"},"content":{"rendered":"\t\t<div data-elementor-type=\"wp-page\" data-elementor-id=\"2\" class=\"elementor elementor-2\">\n\t\t\t\t\t\t\t\t\t<section class=\"elementor-section elementor-top-section elementor-element elementor-element-2aa8d83 elementor-section-boxed elementor-section-height-default elementor-section-height-default\" data-id=\"2aa8d83\" data-element_type=\"section\">\n\t\t\t\t\t\t<div class=\"elementor-container elementor-column-gap-default\">\n\t\t\t\t\t<div class=\"elementor-column elementor-col-100 elementor-top-column elementor-element elementor-element-36d7aedd\" data-id=\"36d7aedd\" data-element_type=\"column\">\n\t\t\t<div class=\"elementor-widget-wrap elementor-element-populated\">\n\t\t\t\t\t\t\t\t<section class=\"elementor-section elementor-inner-section elementor-element elementor-element-f6faea6 elementor-section-boxed elementor-section-height-default elementor-section-height-default\" data-id=\"f6faea6\" data-element_type=\"section\">\n\t\t\t\t\t\t<div class=\"elementor-container elementor-column-gap-default\">\n\t\t\t\t\t<div class=\"elementor-column elementor-col-33 elementor-inner-column elementor-element elementor-element-11154cd\" data-id=\"11154cd\" data-element_type=\"column\">\n\t\t\t<div class=\"elementor-widget-wrap elementor-element-populated\">\n\t\t\t\t\t\t\t\t<div class=\"elementor-element elementor-element-a999b3b elementor-widget elementor-widget-text-editor\" data-id=\"a999b3b\" data-element_type=\"widget\" data-widget_type=\"text-editor.default\">\n\t\t\t\t<div class=\"elementor-widget-container\">\n\t\t\t\t\t\t\t<h1 class=\"nGJqzd OLw7vb\" aria-hidden=\"true\">B\u00fcro f\u00fcr visuelle Kommunikation<\/h1><p><span class=\"JtukPc\">Gute Gestaltung schreit nicht. Sie vermittelt \u00a0im Idealfall Sachverhalte und Informationen, ohne die Betrachtenden merken zu lassen, dass etwas gestaltet wurde.\u00a0<\/span><\/p>\t\t\t\t\t\t<\/div>\n\t\t\t\t<\/div>\n\t\t\t\t<div class=\"elementor-element elementor-element-8370734 elementor-widget elementor-widget-text-editor\" data-id=\"8370734\" data-element_type=\"widget\" data-widget_type=\"text-editor.default\">\n\t\t\t\t<div class=\"elementor-widget-container\">\n\t\t\t\t\t\t\t<h1 class=\"nGJqzd OLw7vb\" aria-hidden=\"true\">Jeder Mensch kommuniziert \u2013 immer!<\/h1><p class=\"nGJqzd OLw7vb\" aria-hidden=\"true\">Ich helfe Ihnen bei der visuellen Umsetzung Ihrer Projekte und Angebote.<\/p>\t\t\t\t\t\t<\/div>\n\t\t\t\t<\/div>\n\t\t\t\t\t<\/div>\n\t\t<\/div>\n\t\t\t\t<div class=\"elementor-column elementor-col-33 elementor-inner-column elementor-element elementor-element-0b394d1\" data-id=\"0b394d1\" data-element_type=\"column\">\n\t\t\t<div class=\"elementor-widget-wrap\">\n\t\t\t\t\t\t\t\t\t<\/div>\n\t\t<\/div>\n\t\t\t\t<div class=\"elementor-column elementor-col-33 elementor-inner-column elementor-element elementor-element-0aa0727\" data-id=\"0aa0727\" data-element_type=\"column\">\n\t\t\t<div class=\"elementor-widget-wrap\">\n\t\t\t\t\t\t\t\t\t<\/div>\n\t\t<\/div>\n\t\t\t\t\t\t\t<\/div>\n\t\t<\/section>\n\t\t\t\t\t<\/div>\n\t\t<\/div>\n\t\t\t\t\t\t\t<\/div>\n\t\t<\/section>\n\t\t\t\t<section class=\"elementor-section elementor-top-section elementor-element elementor-element-016971a elementor-section-boxed elementor-section-height-default elementor-section-height-default\" data-id=\"016971a\" data-element_type=\"section\">\n\t\t\t\t\t\t<div class=\"elementor-container elementor-column-gap-default\">\n\t\t\t\t\t<div class=\"elementor-column elementor-col-33 elementor-top-column elementor-element elementor-element-647e314\" data-id=\"647e314\" data-element_type=\"column\">\n\t\t\t<div class=\"elementor-widget-wrap elementor-element-populated\">\n\t\t\t\t\t\t\t\t<div class=\"elementor-element elementor-element-90ab0cd elementor-widget elementor-widget-text-editor\" data-id=\"90ab0cd\" data-element_type=\"widget\" data-widget_type=\"text-editor.default\">\n\t\t\t\t<div class=\"elementor-widget-container\">\n\t\t\t\t\t\t\t<h2>Firmenbetreuung<\/h2><p><span style=\"font-kerning: none;\">Logo\/Signet, Gesch\u00e4ftspapiere wie Briefbogen und Visitenkarte, Stempel, Werbeflyer, Produktkatalog, Beschilderung, Website, Banner, Lageplan, Formulare, Werbe- und Einladungskarten, Schautafeln, Fahrzeugbeschriftung, Schulungen\u00a0f\u00fcr Einzelpersonen und kleine Gruppen in einf\u00fchrende Bereiche oder spezielle Themen der Bildbearbeitung mit Photoshop, Lektorieren von Texten <\/span> auf Rechtschreibung und Ausdruck (fl\u00fcssiges Gendern ist eine Herausforderung und meine Leidenschaft) &#8230;<\/p><h2><strong><br \/>Leistungspakete<br \/><\/strong><\/h2><p>Neben der Qual der Wahl biete ich Ihnen bereits geschn\u00fcrte Pakete an wie folgt:<\/p><p><strong>Paket Eins<br \/><\/strong>\u2022 Logo\/Signet (inkl. 2 Jahren Nutzungsrechte \u2013 erweiterbar)<br \/>\u2022 Grundgesch\u00e4ftspapier-Ausstattung:\u00a0Briefbogen, Visitenkarte + Firmenstempel<br \/>ab\u00a0<strong>450,- \u20ac<\/strong><\/p><p><strong>Paket Zwei<\/strong><br \/>\u2022 Logo\/Signet (inkl. 2 Jahren Nutzungsrechte \u2013 erweiterbar)<br \/>\u2022 Grundgesch\u00e4ftspapier-Ausstattung:\u00a0Briefbogen, Visitenkarte + Firmenstempel<br \/>\u2022 einfache Internetseite (mit ca. 5 Inhaltsseiten)<br \/>ab\u00a0<strong>850,- \u20ac<\/strong><\/p><p><strong>Paket Drei<\/strong><br \/>\u2022 Logo\/Signet (inkl. 2 Jahren Nutzungsrechte \u2013 erweiterbar)<br \/>\u2022 Grundgesch\u00e4ftspapier-Ausstattung:\u00a0Briefbogen, Visitenkarte + Firmenstempel<br \/>\u2022 einfache Internetseite (mit ca. 5 Inhaltsseiten)<br \/>\u2022 Werbe-Flyer (DIN A6 oder DIN lang, 2-seitig)<br \/>ab\u00a0<strong>990,- \u20ac<\/strong><\/p>\t\t\t\t\t\t<\/div>\n\t\t\t\t<\/div>\n\t\t\t\t<div class=\"elementor-element elementor-element-a1d8daf elementor-widget-divider--view-line elementor-widget elementor-widget-divider\" data-id=\"a1d8daf\" data-element_type=\"widget\" data-widget_type=\"divider.default\">\n\t\t\t\t<div class=\"elementor-widget-container\">\n\t\t\t\t\t<div class=\"elementor-divider\">\n\t\t\t<span class=\"elementor-divider-separator\">\n\t\t\t\t\t\t<\/span>\n\t\t<\/div>\n\t\t\t\t<\/div>\n\t\t\t\t<\/div>\n\t\t\t\t<div class=\"elementor-element elementor-element-0bd5913 elementor-widget elementor-widget-text-editor\" data-id=\"0bd5913\" data-element_type=\"widget\" data-widget_type=\"text-editor.default\">\n\t\t\t\t<div class=\"elementor-widget-container\">\n\t\t\t\t\t\t\t<p>Alle Preise zzgl. gesetzlicher MwSt., ohne Versandkosten und unter Ber\u00fccksichtigung folgender Bedingungen: Alle Texte in korrigierter Form und Bilder werden von Ihnen in digitaler Form zur Verf\u00fcgung gestellt. Bilder werden f\u00fcr eine optimale Darstellung 1:1 in einer Mindestaufl\u00f6sung von 72 dpi (Web) und 350 dpi (Print) ben\u00f6tigt. F\u00fcr Ihr Text- und Bildmaterial muss ein entsprechendes Nutzungsrecht bestehen und ggf. das erforderliche Einverst\u00e4ndnis abgebildeter Personen vorliegen. F\u00fcr eine Internetseite stellen Sie Ihre Domain und Ihren Hostingplatz zur Verf\u00fcgung. Druckkosten f\u00fcr Printmedien h\u00e4ngen von der ben\u00f6tigten St\u00fcckzahl und dem gew\u00fcnschten Material ab und sind nicht im Preis enthalten.<\/p><p>Sonderaufwand, wie z.B. Erstellung von Informationsgrafiken, Umsetzung individueller Druckmedien, Bildrecherche und Bildlizenzen, etc. sind nicht im\u00a0 angegebenen Preis enthalten und k\u00f6nnen gerne zus\u00e4tzlich angefragt werden! \u00a0Gerne \u00fcbernehme ich auch Textkorekturen und gendere diese unangestrengt. Desweiteren gelten die \u00a0<a href=\"https:\/\/printwebdesign.de\/?page_id=39\">Allgemeinen Gesch\u00e4ftsbedingungen<\/a>.<\/p>\t\t\t\t\t\t<\/div>\n\t\t\t\t<\/div>\n\t\t\t\t<div class=\"elementor-element elementor-element-cdb175f elementor-widget-divider--view-line elementor-widget elementor-widget-divider\" data-id=\"cdb175f\" data-element_type=\"widget\" data-widget_type=\"divider.default\">\n\t\t\t\t<div class=\"elementor-widget-container\">\n\t\t\t\t\t<div class=\"elementor-divider\">\n\t\t\t<span class=\"elementor-divider-separator\">\n\t\t\t\t\t\t<\/span>\n\t\t<\/div>\n\t\t\t\t<\/div>\n\t\t\t\t<\/div>\n\t\t\t\t<div class=\"elementor-element elementor-element-d1a5d05 elementor-widget elementor-widget-text-editor\" data-id=\"d1a5d05\" data-element_type=\"widget\" data-widget_type=\"text-editor.default\">\n\t\t\t\t<div class=\"elementor-widget-container\">\n\t\t\t\t\t\t\t<h2>Private Anl\u00e4sse<\/h2><p><span style=\"font-kerning: none;\">Visitenkarten, Stempel, Einladungen, Schilder, Postkarten, private Website, Fahrzeugbeschriftung &#8230;<br \/>Auch im privaten Bereich kann professioneller Einsatz hilfreich sein, z.\u00a0B bei der Umsetzung individueller Kommunikationsmittel.<\/span><\/p><p><strong>Textbearbeitung<\/strong><br \/>Gerne lektoriere ich Ihre Texte auf Rechtschreibung und Ausdruck. Fl\u00fcssiges Gendern ist eine Herausforderung und meine Leidenschaft!<\/p><p><strong>Fotografie\/Bildbearbeitung<\/strong><br \/>Ich erstelle Motive f\u00fcr Ihre Einladungskarte nach Ihren W\u00fcnschen oder bearbeite vorhandene Fotografien f\u00fcr den Einsatz in ein druckf\u00e4higes Layout oder den digitalen Einsatz.<\/p><p><strong>Fotografie-Kreativ-Workshops<\/strong><br \/>f\u00fcr Einzelpersonen und Gruppen<\/p><p><strong>Schulungen<\/strong><br \/>f\u00fcr Einzelpersonen und kleine Gruppen in einf\u00fchrende \u00a0Bereiche der Bildbearbeitung mit Photoshop<\/p>\t\t\t\t\t\t<\/div>\n\t\t\t\t<\/div>\n\t\t\t\t\t<\/div>\n\t\t<\/div>\n\t\t\t\t<div class=\"elementor-column elementor-col-33 elementor-top-column elementor-element elementor-element-9fd8a94\" data-id=\"9fd8a94\" data-element_type=\"column\">\n\t\t\t<div class=\"elementor-widget-wrap\">\n\t\t\t\t\t\t\t\t\t<\/div>\n\t\t<\/div>\n\t\t\t\t<div class=\"elementor-column elementor-col-33 elementor-top-column elementor-element elementor-element-f335fe9\" data-id=\"f335fe9\" data-element_type=\"column\">\n\t\t\t<div class=\"elementor-widget-wrap\">\n\t\t\t\t\t\t\t\t\t<\/div>\n\t\t<\/div>\n\t\t\t\t\t\t\t<\/div>\n\t\t<\/section>\n\t\t\t\t\t\t\t<\/div>\n\t\t","protected":false},"excerpt":{"rendered":"<p>B\u00fcro f\u00fcr visuelle Kommunikation Gute Gestaltung schreit nicht. Sie vermittelt \u00a0im Idealfall Sachverhalte und Informationen, ohne die Betrachtenden merken zu lassen, dass etwas gestaltet wurde.\u00a0 Jeder Mensch kommuniziert \u2013 immer! [&hellip;]<\/p>\n","protected":false},"author":1,"featured_media":0,"parent":0,"menu_order":0,"comment_status":"closed","ping_status":"closed","template":"","meta":[],"_links":{"self":[{"href":"https:\/\/printwebdesign.de\/index.php?rest_route=\/wp\/v2\/pages\/2"}],"collection":[{"href":"https:\/\/printwebdesign.de\/index.php?rest_route=\/wp\/v2\/pages"}],"about":[{"href":"https:\/\/printwebdesign.de\/index.php?rest_route=\/wp\/v2\/types\/page"}],"author":[{"embeddable":true,"href":"https:\/\/printwebdesign.de\/index.php?rest_route=\/wp\/v2\/users\/1"}],"replies":[{"embeddable":true,"href":"https:\/\/printwebdesign.de\/index.php?rest_route=%2Fwp%2Fv2%2Fcomments&post=2"}],"version-history":[{"count":80,"href":"https:\/\/printwebdesign.de\/index.php?rest_route=\/wp\/v2\/pages\/2\/revisions"}],"predecessor-version":[{"id":511,"href":"https:\/\/printwebdesign.de\/index.php?rest_route=\/wp\/v2\/pages\/2\/revisions\/511"}],"wp:attachment":[{"href":"https:\/\/printwebdesign.de\/index.php?rest_route=%2Fwp%2Fv2%2Fmedia&parent=2"}],"curies":[{"name":"wp","href":"https:\/\/api.w.org\/{rel}","templated":true}]}}