{"id":1073,"date":"2023-02-27T14:44:17","date_gmt":"2023-02-27T14:44:17","guid":{"rendered":"https:\/\/printwebdesign.de\/?page_id=1073"},"modified":"2023-02-27T15:55:38","modified_gmt":"2023-02-27T15:55:38","slug":"stop-motion","status":"publish","type":"page","link":"https:\/\/printwebdesign.de\/?page_id=1073","title":{"rendered":"Stop-Motion"},"content":{"rendered":"\t\t<div data-elementor-type=\"wp-page\" data-elementor-id=\"1073\" class=\"elementor elementor-1073\">\n\t\t\t\t\t\t\t\t\t<section class=\"elementor-section elementor-top-section elementor-element elementor-element-a225da5 elementor-section-boxed elementor-section-height-default elementor-section-height-default\" data-id=\"a225da5\" data-element_type=\"section\" data-settings=\"{&quot;background_background&quot;:&quot;classic&quot;}\">\n\t\t\t\t\t\t<div class=\"elementor-container elementor-column-gap-default\">\n\t\t\t\t\t<div class=\"elementor-column elementor-col-100 elementor-top-column elementor-element elementor-element-5ea10e8\" data-id=\"5ea10e8\" data-element_type=\"column\">\n\t\t\t<div class=\"elementor-widget-wrap elementor-element-populated\">\n\t\t\t\t\t\t\t\t<div class=\"elementor-element elementor-element-588ceed elementor-widget elementor-widget-spacer\" data-id=\"588ceed\" data-element_type=\"widget\" data-widget_type=\"spacer.default\">\n\t\t\t\t<div class=\"elementor-widget-container\">\n\t\t\t\t\t<div class=\"elementor-spacer\">\n\t\t\t<div class=\"elementor-spacer-inner\"><\/div>\n\t\t<\/div>\n\t\t\t\t<\/div>\n\t\t\t\t<\/div>\n\t\t\t\t<div class=\"elementor-element elementor-element-af998f7 elementor-widget elementor-widget-text-editor\" data-id=\"af998f7\" data-element_type=\"widget\" data-widget_type=\"text-editor.default\">\n\t\t\t\t<div class=\"elementor-widget-container\">\n\t\t\t\t\t\t\t<h1><strong><span class=\"JtukPc\">Stop-Motion<\/span><\/strong><\/h1><p><span class=\"JtukPc\">ist eine Technik, mit der mittels Aneinanderreihung von Bildern kleine Geschichten als Film umgesetzt werden k\u00f6nnen. Ich vermittele diese in Arbeitsgemeinschaften an Schulen, die \u00fcber ein kleines technisches Equipment verf\u00fcgen, wie iPads f\u00fcr Sch\u00fcler*innen, Speichermedien f\u00fcr die Arbeiten und ein Whiteboard f\u00fcr die Pr\u00e4sentation. <br \/>Grundvoraussetzung f\u00fcr die Teilnahme: <strong>Kreativit\u00e4t und Geduld!<\/strong><\/span><\/p><p>Inhaltlicher Aufbau der AG (perfekt f\u00fcr ein Schulhalbjahr):<\/p><ul><li>Kurze geschichtliche Entwicklung von Fotografie und\u00a0Film<\/li><li>Daumenkino<\/li><li>Technik-Verfahren mittels iPad oder Smartphone<\/li><li>Ideenentwicklung\/Storyboard<\/li><li>Umsetzung eines eigenen Filmes<\/li><\/ul><p>1826 entstand eine der \u00e4ltesten noch erhaltenen Fotografien. Mit der Entstehung der Fotografie wird zeitlich schnell auch die Idee des Films geboren, denn der ist lediglich die Aneinanderreihung von Bildern.<br \/>Heute allgegenw\u00e4rtig: Die digitale Fotografie mittels Smartphones \u2013 ein 200 Jahre alter Weg, der kurz erz\u00e4hlt wird!<\/p>\t\t\t\t\t\t<\/div>\n\t\t\t\t<\/div>\n\t\t\t\t<section class=\"elementor-section elementor-inner-section elementor-element elementor-element-a1c7e93 elementor-section-boxed elementor-section-height-default elementor-section-height-default\" data-id=\"a1c7e93\" data-element_type=\"section\">\n\t\t\t\t\t\t<div class=\"elementor-container elementor-column-gap-default\">\n\t\t\t\t\t<div class=\"elementor-column elementor-col-100 elementor-inner-column elementor-element elementor-element-6f60cf0\" data-id=\"6f60cf0\" data-element_type=\"column\">\n\t\t\t<div class=\"elementor-widget-wrap elementor-element-populated\">\n\t\t\t\t\t\t\t\t<div class=\"elementor-element elementor-element-6b14cdc elementor-widget-divider--view-line_text elementor-widget-divider--element-align-center elementor-widget elementor-widget-divider\" data-id=\"6b14cdc\" data-element_type=\"widget\" data-widget_type=\"divider.default\">\n\t\t\t\t<div class=\"elementor-widget-container\">\n\t\t\t\t\t<div class=\"elementor-divider\">\n\t\t\t<span class=\"elementor-divider-separator\">\n\t\t\t\t\t\t\t<span class=\"elementor-divider__text elementor-divider__element\">\n\t\t\t\t2\t\t\t\t<\/span>\n\t\t\t\t\t\t<\/span>\n\t\t<\/div>\n\t\t\t\t<\/div>\n\t\t\t\t<\/div>\n\t\t\t\t<div class=\"elementor-element elementor-element-72e4e14 elementor-widget elementor-widget-text-editor\" data-id=\"72e4e14\" data-element_type=\"widget\" data-widget_type=\"text-editor.default\">\n\t\t\t\t<div class=\"elementor-widget-container\">\n\t\t\t\t\t\t\t<p><b>Daumenkino<br \/><\/b><\/p><p>Neben der Theorie steht in dieser AG aber die praktische Umsetzung im Vordergrund. Unser erster &#8222;Film&#8220; entsteht mit Hilfe von Papier, Schere, Bleistift und Kleber. Und was nat\u00fcrlich die Grundvoraussetzung ist: Eine Idee!<span id=\"tabEventDetails\" class=\"HALYaf XQINac R21Rlc KKjvXb\" role=\"tabpanel\"><br \/><\/span><\/p>\t\t\t\t\t\t<\/div>\n\t\t\t\t<\/div>\n\t\t\t\t<div class=\"elementor-element elementor-element-2f86193 elementor-widget-divider--view-line_text elementor-widget-divider--element-align-center elementor-widget elementor-widget-divider\" data-id=\"2f86193\" data-element_type=\"widget\" data-widget_type=\"divider.default\">\n\t\t\t\t<div class=\"elementor-widget-container\">\n\t\t\t\t\t<div class=\"elementor-divider\">\n\t\t\t<span class=\"elementor-divider-separator\">\n\t\t\t\t\t\t\t<span class=\"elementor-divider__text elementor-divider__element\">\n\t\t\t\t3\t\t\t\t<\/span>\n\t\t\t\t\t\t<\/span>\n\t\t<\/div>\n\t\t\t\t<\/div>\n\t\t\t\t<\/div>\n\t\t\t\t<div class=\"elementor-element elementor-element-0ec710c elementor-widget elementor-widget-text-editor\" data-id=\"0ec710c\" data-element_type=\"widget\" data-widget_type=\"text-editor.default\">\n\t\t\t\t<div class=\"elementor-widget-container\">\n\t\t\t\t\t\t\t<p><b>Technik-Verfahren mittels iPad oder Smartphone<\/b><\/p><p>Es gibt verschiedene Anwendungen, mit denen kostenfrei kleine Trickfilme produziert werden k\u00f6nnen. F\u00fcr meine AG habe ich mich f\u00fcr &#8222;Stop-Motion-Studio&#8220; entschieden, deren Einsatz einfach und intuitiv zu erlernen ist. W\u00e4hrend der AG lernen die Sch\u00fcler*innen die grundlegenden Funktionen dieser App kennen. Wir machen \u00dcbungen mit unterschiedlicher Frame-Rate, Kamerapositionen und 2D- sowie vor allem 3D-Filmtechnik.<span id=\"tabEventDetails\" class=\"HALYaf XQINac R21Rlc KKjvXb\" role=\"tabpanel\"><br \/><\/span><\/p>\t\t\t\t\t\t<\/div>\n\t\t\t\t<\/div>\n\t\t\t\t<div class=\"elementor-element elementor-element-8859212 elementor-widget-divider--view-line_text elementor-widget-divider--element-align-center elementor-widget elementor-widget-divider\" data-id=\"8859212\" data-element_type=\"widget\" data-widget_type=\"divider.default\">\n\t\t\t\t<div class=\"elementor-widget-container\">\n\t\t\t\t\t<div class=\"elementor-divider\">\n\t\t\t<span class=\"elementor-divider-separator\">\n\t\t\t\t\t\t\t<span class=\"elementor-divider__text elementor-divider__element\">\n\t\t\t\t4\t\t\t\t<\/span>\n\t\t\t\t\t\t<\/span>\n\t\t<\/div>\n\t\t\t\t<\/div>\n\t\t\t\t<\/div>\n\t\t\t\t<div class=\"elementor-element elementor-element-033cd02 elementor-widget elementor-widget-text-editor\" data-id=\"033cd02\" data-element_type=\"widget\" data-widget_type=\"text-editor.default\">\n\t\t\t\t<div class=\"elementor-widget-container\">\n\t\t\t\t\t\t\t<p><b>Ideenentwicklung\/Storyboard<br \/><\/b><\/p><p><span id=\"tabEventDetails\" class=\"HALYaf XQINac R21Rlc KKjvXb\" role=\"tabpanel\">Bevor der erste &#8222;richtige&#8220; Film entsteht, brauchen Filmschaffende eine Idee: Was will ich zeigen?<br \/>Ob Geschichtenerz\u00e4hlung, Erkl\u00e4rfilm, Musikvideo etc. &#8230; die Technik ist eine Seite der Medaille, die andere ist ein Konzept, das mit dem klassischen Storyboard veranschaulicht werden soll.\u00a0<\/span><\/p>\t\t\t\t\t\t<\/div>\n\t\t\t\t<\/div>\n\t\t\t\t<div class=\"elementor-element elementor-element-628013f elementor-widget-divider--view-line_text elementor-widget-divider--element-align-center elementor-widget elementor-widget-divider\" data-id=\"628013f\" data-element_type=\"widget\" data-widget_type=\"divider.default\">\n\t\t\t\t<div class=\"elementor-widget-container\">\n\t\t\t\t\t<div class=\"elementor-divider\">\n\t\t\t<span class=\"elementor-divider-separator\">\n\t\t\t\t\t\t\t<span class=\"elementor-divider__text elementor-divider__element\">\n\t\t\t\t5\t\t\t\t<\/span>\n\t\t\t\t\t\t<\/span>\n\t\t<\/div>\n\t\t\t\t<\/div>\n\t\t\t\t<\/div>\n\t\t\t\t<div class=\"elementor-element elementor-element-4fe87a3 elementor-widget elementor-widget-text-editor\" data-id=\"4fe87a3\" data-element_type=\"widget\" data-widget_type=\"text-editor.default\">\n\t\t\t\t<div class=\"elementor-widget-container\">\n\t\t\t\t\t\t\t<p><b>Umsetzung eines eigenen Filmes<\/b><\/p><p>Als Ergebnis f\u00fcr alle Teilnehmenden soll ein Film in Einzel- oder Gruppenarbeit entstanden sein mittels\u00a0Zeichnungen, Scherenschnitt, Modellage von biegsamen Materialien, Figuren oder allt\u00e4glichen Gegenst\u00e4nden &#8230; hier soll der Kreativit\u00e4t keine Grenze gesetzt werden.<\/p><p>Wir schaffen eine Szenerie und experiemntieren in kleinen Sequenzen, mit welchen Materialien wir die eigene Idee umzusetzen wollen und k\u00f6nnen. Wir finden heraus, was technisch wichtig ist, um die Illusion der Bewegung in die Einzelbilder zu bringen.<\/p><p>Je nach zeitlichem Verlauf befassen wir uns mit Beleuchtung, Ton und Bildbearbeitung.<\/p>\t\t\t\t\t\t<\/div>\n\t\t\t\t<\/div>\n\t\t\t\t\t<\/div>\n\t\t<\/div>\n\t\t\t\t\t\t\t<\/div>\n\t\t<\/section>\n\t\t\t\t\t<\/div>\n\t\t<\/div>\n\t\t\t\t\t\t\t<\/div>\n\t\t<\/section>\n\t\t\t\t<section class=\"elementor-section elementor-top-section elementor-element elementor-element-4530122 elementor-section-boxed elementor-section-height-default elementor-section-height-default\" data-id=\"4530122\" data-element_type=\"section\">\n\t\t\t\t\t\t<div class=\"elementor-container elementor-column-gap-default\">\n\t\t\t\t\t<div class=\"elementor-column elementor-col-100 elementor-top-column elementor-element elementor-element-a370e97\" data-id=\"a370e97\" data-element_type=\"column\">\n\t\t\t<div class=\"elementor-widget-wrap\">\n\t\t\t\t\t\t\t\t\t<\/div>\n\t\t<\/div>\n\t\t\t\t\t\t\t<\/div>\n\t\t<\/section>\n\t\t\t\t\t\t\t<\/div>\n\t\t","protected":false},"excerpt":{"rendered":"<p>Stop-Motion ist eine Technik, mit der mittels Aneinanderreihung von Bildern kleine Geschichten als Film umgesetzt werden k\u00f6nnen. Ich vermittele diese in Arbeitsgemeinschaften an Schulen, die \u00fcber ein kleines technisches Equipment [&hellip;]<\/p>\n","protected":false},"author":1,"featured_media":0,"parent":543,"menu_order":0,"comment_status":"closed","ping_status":"closed","template":"","meta":[],"_links":{"self":[{"href":"https:\/\/printwebdesign.de\/index.php?rest_route=\/wp\/v2\/pages\/1073"}],"collection":[{"href":"https:\/\/printwebdesign.de\/index.php?rest_route=\/wp\/v2\/pages"}],"about":[{"href":"https:\/\/printwebdesign.de\/index.php?rest_route=\/wp\/v2\/types\/page"}],"author":[{"embeddable":true,"href":"https:\/\/printwebdesign.de\/index.php?rest_route=\/wp\/v2\/users\/1"}],"replies":[{"embeddable":true,"href":"https:\/\/printwebdesign.de\/index.php?rest_route=%2Fwp%2Fv2%2Fcomments&post=1073"}],"version-history":[{"count":16,"href":"https:\/\/printwebdesign.de\/index.php?rest_route=\/wp\/v2\/pages\/1073\/revisions"}],"predecessor-version":[{"id":1091,"href":"https:\/\/printwebdesign.de\/index.php?rest_route=\/wp\/v2\/pages\/1073\/revisions\/1091"}],"up":[{"embeddable":true,"href":"https:\/\/printwebdesign.de\/index.php?rest_route=\/wp\/v2\/pages\/543"}],"wp:attachment":[{"href":"https:\/\/printwebdesign.de\/index.php?rest_route=%2Fwp%2Fv2%2Fmedia&parent=1073"}],"curies":[{"name":"wp","href":"https:\/\/api.w.org\/{rel}","templated":true}]}}